{"id":3104,"date":"2020-02-02T22:31:52","date_gmt":"2020-02-02T21:31:52","guid":{"rendered":"https:\/\/swisschange.ch\/termini\/"},"modified":"2022-06-21T11:11:33","modified_gmt":"2022-06-21T09:11:33","slug":"termini","status":"publish","type":"page","link":"https:\/\/swisschange.ch\/it\/termini\/","title":{"rendered":"Termini"},"content":{"rendered":"\t\t<div data-elementor-type=\"wp-post\" data-elementor-id=\"3104\" class=\"elementor elementor-3104 elementor-1280\" data-elementor-post-type=\"page\">\n\t\t\t\t\t\t<section class=\"elementor-section elementor-top-section elementor-element elementor-element-0206e7f elementor-section-boxed elementor-section-height-default elementor-section-height-default\" data-id=\"0206e7f\" data-element_type=\"section\" data-e-type=\"section\">\n\t\t\t\t\t\t<div class=\"elementor-container elementor-column-gap-default\">\n\t\t\t\t\t<div class=\"elementor-column elementor-col-100 elementor-top-column elementor-element elementor-element-b696c69\" data-id=\"b696c69\" data-element_type=\"column\" data-e-type=\"column\">\n\t\t\t<div class=\"elementor-widget-wrap elementor-element-populated\">\n\t\t\t\t\t\t<div class=\"elementor-element elementor-element-e1ec0b6 elementor-widget elementor-widget-heading\" data-id=\"e1ec0b6\" data-element_type=\"widget\" data-e-type=\"widget\" data-widget_type=\"heading.default\">\n\t\t\t\t<div class=\"elementor-widget-container\">\n\t\t\t\t\t<h1 class=\"elementor-heading-title elementor-size-default\">Termini <\/h1>\t\t\t\t<\/div>\n\t\t\t\t<\/div>\n\t\t\t\t<div class=\"elementor-element elementor-element-7add140 elementor-widget elementor-widget-text-editor\" data-id=\"7add140\" data-element_type=\"widget\" data-e-type=\"widget\" data-widget_type=\"text-editor.default\">\n\t\t\t\t<div class=\"elementor-widget-container\">\n\t\t\t\t\t\t\t\t\t<h3>1. Consenso<\/h3>\r\nSi prega di leggere attentamente le seguenti note legali \/ Condizioni d&#8217;uso (&#8220;<strong>Condizioni<\/strong>d&#8217;uso &#8220;) prima di accedere al sito web della societ\u00e0 <i>swissCHANGE<\/i> (&#8220;<i><b>SWISSCHANGE<\/b><\/i>&#8221; e al sito web <i>di SWISSCHANGE<\/i> &#8220;<i><b>SWISSCHANGE<\/b><\/i><strong>&#8220;).<\/strong> Accedendo al sito web <i>swissCHANGE,<\/i>dichiari di aver <strong>compreso<\/strong> le condizioni per l&#8217;utilizzo e <strong>di averle pienamente accettate.<\/strong> Se non avete capito o non accettate una o pi\u00f9 delle condizioni per l&#8217;utilizzo, lasciate il sito web <i>SWISSCHANGE.<\/i>\r\n<h3>2. Accesso limitato<\/h3>\r\nIl sito web <i>SWISSCHANGE<\/i>non pu\u00f2 essere consultato da persone che sono soggette (in parte a causa della loro nazionalit\u00e0 e\/o domicilio) a un sistema giuridico che vieta la pubblicazione dei contenuti del sito <i>SWISSCHANGE<\/i>o l&#8217;accesso al sito <i>web SWISSCHANGE<\/i>(per qualsiasi motivo). Alle persone a cui si applicano queste restrizioni \u00e8 vietato accedere al sito web di <i>SWISSCHANGE.<\/i> Ci\u00f2 vale in particolare. cittadini e\/o residenti degli Stati Uniti e delle Isole Cayman.\r\n<h3>3. Nessuna offerta<\/h3>\r\nLe informazioni e le opinioni pubblicate sul sito web <i>swissCHANGE<\/i>non costituiscono un annuncio pubblicitario, una raccomandazione, una sollecitazione, un&#8217;offerta o un invito all&#8217;offerta. i) per l&#8217;acquisto o la vendita di strumenti d&#8217;investimento; ii) per l&#8217;esecuzione di altre operazioni o (iii) al termine di altre operazioni legali. Sono solo a scopo informativo. Non si pu\u00f2 escludere che gli strumenti e i servizi di investimento descritti non siano adatti o non siano disponibili.\r\n<h3>4. Nessun consiglio<\/h3>\r\nLe informazioni e i pareri pubblicati sul sito web <i>swissCHANGE<\/i>non sono destinati alla consulenza d&#8217;investimento e non costituiscono in alcun modo consulenza in materia legale, fiscale, economica o di altro tipo. Essi non sono adatti come base per il processo decisionale. Prima di decidere un&#8217;azione specifica, \u00e8 necessario consultare un esperto specializzato. Mantenendo il contenuto nel sito web o chiamandolo, il fornitore non intrattengono alcunrapporto contrattuale con l&#8217;utente.\r\n<h3>5. Nessuna garanzia<\/h3>\r\n<i style=\"font-size: 1rem;\">SWISSCHANGE<\/i> utilizza la massima cura possibile per la compilazione dei contenuti di questo sito web. Il contenuto del Il sito web <i>di SWISSCHANGE<\/i>viene costantemente aggiornato e controllato per verificarne la correttezza. <i>Tuttavia, SWISSCHANGE<\/i> e i suoi partner contrattuali non garantiscono (n\u00e9 espressamente n\u00e9 implicito) e non fanno alcuna rappresentazione in termini di accuratezza, accuratezza, tempestivit\u00e0 e completezza del Contenuto pubblicato sul sito <i>SWISSCHANGE.<\/i> In particolare, <i>SWISSCHANGE<\/i> non ha alcun obbligo di aggiornare informazioni o pareri obsoleti da cui sito web <i>SWISSCHANGE.<\/i> Le informazioni e le opinioni contenute sul sito web <i>swissCHANGE<\/i>possono essere modificate in qualsiasi momento senza preavviso.\r\n\r\nInoltre <i>SWISSCHANGE<\/i> non \u00e8 responsabile e non garantisce che le funzioni <i>SwissCHANGE<\/i>non verr\u00e0 interrotto o privo di errori, i difetti saranno corretti o il <i>SwissCHANGE<\/i>sito web ei server da cui il contenuto pu\u00f2 essere recuperato sono privi di virus, cavalli di, worm, bombe software o altri componenti e programmi dannosi.\r\n\r\nDallo sviluppo del valore di uno strumento d&#8217;investimento in passato, non \u00e8 possibile trarre conclusioni sulla sua performance in futuro. Anche gli investimenti in valute estere sono soggetti a fluttuazioni dei tassi di cambio. Anche le distribuzioni relative a uno strumento di investimento possono variare. <i>SWISSCHANGE<\/i> non garantisce che i) l&#8217;aumento del valore o della manutenzione del capitale investito in strumenti d&#8217;investimento, e ii) la quantit\u00e0 di distribuzioni future.\r\n\r\nTutti i dati disponibili attraverso questo sito web, inclusi, ma non limitati a dati del mercato finanziario, dati sui prezzi, rapporti, ricerche o altre informazioni finanziarie, si basano su fonti considerate affidabili e accuratamente selezionate. Tutte le informazioni disponibili sono fornite all&#8217;Utente senza garanzia di difetti e senza rappresentazioni o garanzie esplicite o implicite per quanto riguarda la qualit\u00e0, l&#8217;originalit\u00e0, la violazione della propriet\u00e0 intellettuale o l&#8217;idoneit\u00e0 per uno scopo particolare. Fornito.\r\n<h3>6. Nessuna responsabilit\u00e0<\/h3>\r\n<i style=\"font-size: 1rem;\">SWISSCHANGE<\/i> non si assume alcuna responsabilit\u00e0 o garanzia per l&#8217;aggiornamento, la correttezza e la completezza delle informazioni fornite sul suo sito web. <i>SWISSCHANGE<\/i> non \u00e8 responsabile per eventuali danni diretti o indiretti, compresa la perdita di profitto, derivanti da informazioni fornite sul <i>SwissCHANGE<\/i>o direttamente o indirettamente relativo all&#8217;utilizzo del sito web SWISSCHANGE. <i>SwissCHANGE<\/i>e i contenuti in esso contenuti o con i rischi dei mercati finanziari. La responsabilit\u00e0 per lieve negligenza \u00e8 limitata ai danni prevedibili ed \u00e8 esclusa per quanto riguarda i danni conseguenti e la perdita di profitto.\r\n<h3>7. Nessun ordine<\/h3>\r\nI campi di input contenuti nel sito web <i>SWISSCHANGE<\/i>non sono disponibili per l&#8217;esecuzione di ordini (ad esempio ordini per l&#8217;acquisto\/vendita di strumenti di investimento) a <i>SWISSCHANGE.<\/i> Gli ordini emessi in questo modo non vengono eseguiti da <i>SWISSCHANGE<\/i> &#8211; anche senza un feedback adeguato al mittente &#8211; e non viene concluso alcun contratto effettivo con <i>SWISSCHANGE.<\/i>\r\n<h3>8. Diritti di propriet\u00e0, copyright e marchi<\/h3>\r\nTutti gli elementi del sito web <i>SWISSCHANGE<\/i>sono protetti dal diritto della propriet\u00e0 intellettuale e sono di propriet\u00e0 di <i>SWISSCHANGE<\/i> o di terzi. Scaricare o stampare elementi del sito <i>swissCHANGE<\/i>non ci d\u00e0 alcun diritto, in qualsiasi altro mezzo. diritti relativi a software, marchi o elementi del sito web <i>SWISSCHANGE.<\/i> Le note sul copyright e i marchi non possono essere alterati o rimossi. La riproduzione completa o parziale di elementi del sito web <i>SWISSCHANGE,<\/i>in qualsiasi forma (in qualsiasi forma, elettronica o stampata), \u00e8 consentita solo con l&#8217;indicazione completa della fonte e il previo consenso scritto di <i>SWISSCHANGE.<\/i>\r\n\r\n\u00c8 vietata la creazione di un link iper o in linea da un altro sito web al sito web <i>swissCHANGE<\/i>senza il previo consenso scritto di <i>SWISSCHANGE.<\/i>\r\n<h3>9. Potenziali conflitti di interesse<\/h3>\r\n\u00c8 possibile che <i>SWISSCHANGE<\/i> stesso o i suoi amministratori o dipendenti abbiano investito in strumenti di investimento in passato, stiano attualmente investendo o investiranno nel futuro, attraverso il quale il sito web <i>SWISSCHANGE<\/i>contiene informazioni o opinioni. \u00c8 anche possibile che <i>SWISSCHANGE<\/i> abbia fornito, fornito o fornir\u00e0 servizi agli emittenti di tali strumenti di investimento in passato, ad esempio nel settore della finanza aziendale o della produzione di mercato. N\u00e9 si pu\u00f2 escludere che i dipendenti o gli amministratori di <i>SWISSCHANGE<\/i> abbiano lavorato, siano o agiscano per gli emittenti di tali strumenti di investimento, ad esempio in qualit\u00e0 di amministratori. <i>SwissCHANGE<\/i> stesso o i suoi amministratori o dipendenti possono quindi avere interesse per il futuro sviluppo dei prezzi degli strumenti di investimento.\r\n<h3>10. Link ad altri siti web<\/h3>\r\nUtilizzando un link( \u00e8 possibile lasciare il sito web <i>SWISSCHANGE<\/i>alle pagine web di terze parti (i cosiddetti &#8220;link esterni&#8221;) e il loro contenuto. Collegamenti a siti Web di terze parti <i>SwissCHANGE<\/i>sono <i>SWISSCHANGE<\/i> oltre al proprio contenuto \u00e8 fornito solo per il bene di user-facileggiamento e informazioni. <i>SWISSCHANGE<\/i> non ha alcun controllo sul contenuto di tali siti web di terze parti e non si assume alcuna responsabilit\u00e0 per la loro accuratezza, accuratezza, completezza, verit\u00e0, tempestivit\u00e0 o idoneit\u00e0 per scopi specifici. Qualsiasi responsabilit\u00e0 di \u00c8 escluso <i>SWISSCHANGE<\/i>, in particolare per eventuali danni diretti o indiretti o conseguenze derivanti dall&#8217;utilizzo dei contenuti dei siti web di terzi. <i>SWISSCHANGE<\/i> non ha alcuna influenza sul contenuto delle pagine collegate e pertanto non si assume alcuna responsabilit\u00e0 per il contenuto dei collegamenti esterni, in particolare quelli che sono stati modificati dopo l&#8217;impostazione del collegamento. <i>SWISSCHANGE<\/i> non avvia la trasmissione delle informazioni e non seleziona o modifica il destinatario delle informazioni trasmesse e le informazioni trasmesse stesse. Inoltre, <i>SWISSCHANGE<\/i> non memorizza automaticamente nella cache questi collegamenti esterni a breve termine a seguito della metodologia di collegamento e chiamata utilizzata. La responsabilit\u00e0 del contenuto delle pagine collegate \u00e8 quindi esclusivamente con gli operatori delle pagine web a cui accedeno i link esterni.\r\n\r\nInoltre, <i>SWISSCHANGE<\/i> non garantisce che tali siti web o i loro contenuti non violino i diritti di copyright o di marchio o altre violazioni dei diritti di terzi, n\u00e9 che tali siti web o il loro contenuto siano privi di virus o di altri componenti dannosi. Non viene fornita alcuna garanzia per l&#8217;autenticit\u00e0 dei documenti su Internet.\r\n<h3>11. Modifiche alle Condizioni per l&#8217;utilizzo<\/h3>\r\n<i style=\"font-size: 1rem;\">SWISSCHANGE<\/i> si riserva il diritto di modificare di tanto in tanto le presenti Condizioni per l&#8217;utilizzo. Ti chiediamo pertanto di leggere le presenti Condizioni d&#8217;uso ogni volta che accedi al sito web <i>di SWISSCHANGE<\/i>e di verificare se accetti la ricast. Se non hai capito o non hai accettato una o pi\u00f9 disposizioni delle attuali Condizioni d&#8217;uso, lascia il sito web <i>di SWISSCHANGE.<\/i>\r\n<h3>12. Assegnazione, delega e delega<\/h3>\r\n<i>SwissCHANGE,<\/i> cos\u00ec come i suoi successori e agenti hanno il diritto di fare affidamento sulle presenti Condizioni d&#8217;uso. Tutti i diritti previsti dalle presenti Condizioni d&#8217;uso possono essere assegnati o trasferiti da <i>SWISSCHANGE.<\/i> L&#8217;adempimento di tutti gli obblighi derivanti dalle presenti Condizioni d&#8217;uso pu\u00f2 essere delegato o delegato a terzi da <i>SWISSCHANGE.<\/i>\r\n<h3>13. Validit\u00e0 legale delle dichiarazioni di non responsabilit\u00e0<\/h3>\r\nLe suddette dichiarazioni di non responsabilit\u00e0 devono essere considerate come parte dell&#8217;offerta Internet da cui \u00e8 stata indicata questa pagina. Se parti o singole formulazioni di questo testo non sono, non sono pi\u00f9 o non completamente conformi alla situazione giuridica applicabile, le restanti parti del documento rimangono inalterate nel loro contenuto e validit\u00e0.\r\n<h3>14. Diritto\/giurisdizione applicabile<\/h3>\r\nL&#8217;accesso e l&#8217;utilizzo da parte degli utenti del sito e delle condizioni d&#8217;uso sono soggetti alla <strong>legge svizzera<\/strong> competente <strong>a Basilea, in Svizzera.<\/strong>\r\n\r\nSi prega di leggere anche il nostro <em><a href=\"https:\/\/swisschange.ch\/it\/regolamento-sulla-privacy\/\">Informativa sulla privacy<\/a><\/em>, che ti informa sulla nostra gestione dei dati personali.\t\t\t\t\t\t\t\t<\/div>\n\t\t\t\t<\/div>\n\t\t\t\t\t<\/div>\n\t\t<\/div>\n\t\t\t\t\t<\/div>\n\t\t<\/section>\n\t\t\t\t<\/div>\n\t\t","protected":false},"excerpt":{"rendered":"<p>Termini 1. Consenso Si prega di leggere attentamente le seguenti note legali \/ Condizioni d&#8217;uso (&#8220;Condizionid&#8217;uso &#8220;) prima di accedere al sito web della societ\u00e0 swissCHANGE (&#8220;SWISSCHANGE&#8221; e al sito web di SWISSCHANGE &#8220;SWISSCHANGE&#8220;). Accedendo al sito web swissCHANGE,dichiari di aver compreso le condizioni per l&#8217;utilizzo e di averle pienamente accettate. Se non avete capito &hellip; <\/p>\n<p class=\"link-more\"><a href=\"https:\/\/swisschange.ch\/it\/termini\/\" class=\"more-link\">Leggi tutto<span class=\"screen-reader-text\"> &#8220;Termini&#8221;<\/span><\/a><\/p>\n","protected":false},"author":1,"featured_media":0,"parent":0,"menu_order":0,"comment_status":"closed","ping_status":"closed","template":"elementor_header_footer","meta":{"inline_featured_image":false,"footnotes":""},"class_list":["post-3104","page","type-page","status-publish","hentry"],"aioseo_notices":[],"_links":{"self":[{"href":"https:\/\/swisschange.ch\/it\/wp-json\/wp\/v2\/pages\/3104","targetHints":{"allow":["GET"]}}],"collection":[{"href":"https:\/\/swisschange.ch\/it\/wp-json\/wp\/v2\/pages"}],"about":[{"href":"https:\/\/swisschange.ch\/it\/wp-json\/wp\/v2\/types\/page"}],"author":[{"embeddable":true,"href":"https:\/\/swisschange.ch\/it\/wp-json\/wp\/v2\/users\/1"}],"replies":[{"embeddable":true,"href":"https:\/\/swisschange.ch\/it\/wp-json\/wp\/v2\/comments?post=3104"}],"version-history":[{"count":5,"href":"https:\/\/swisschange.ch\/it\/wp-json\/wp\/v2\/pages\/3104\/revisions"}],"predecessor-version":[{"id":5131,"href":"https:\/\/swisschange.ch\/it\/wp-json\/wp\/v2\/pages\/3104\/revisions\/5131"}],"wp:attachment":[{"href":"https:\/\/swisschange.ch\/it\/wp-json\/wp\/v2\/media?parent=3104"}],"curies":[{"name":"wp","href":"https:\/\/api.w.org\/{rel}","templated":true}]}}