{"id":3653,"date":"2021-03-23T11:15:54","date_gmt":"2021-03-23T10:15:54","guid":{"rendered":"https:\/\/swisschange.ch\/?page_id=3653"},"modified":"2026-03-18T08:59:53","modified_gmt":"2026-03-18T07:59:53","slug":"news","status":"publish","type":"page","link":"https:\/\/swisschange.ch\/fr\/news\/","title":{"rendered":"News"},"content":{"rendered":"\t\t<div data-elementor-type=\"wp-page\" data-elementor-id=\"3653\" class=\"elementor elementor-3653\" data-elementor-post-type=\"page\">\n\t\t\t\t\t\t<section class=\"elementor-section elementor-top-section elementor-element elementor-element-29dfe86 elementor-section-content-middle elementor-section-boxed elementor-section-height-default elementor-section-height-default\" data-id=\"29dfe86\" data-element_type=\"section\" data-e-type=\"section\">\n\t\t\t\t\t\t<div class=\"elementor-container elementor-column-gap-default\">\n\t\t\t\t\t<div class=\"elementor-column elementor-col-100 elementor-top-column elementor-element elementor-element-8c532d3\" data-id=\"8c532d3\" data-element_type=\"column\" data-e-type=\"column\">\n\t\t\t<div class=\"elementor-widget-wrap elementor-element-populated\">\n\t\t\t\t\t\t<div class=\"elementor-element elementor-element-5df4d5b elementor-widget elementor-widget-heading\" data-id=\"5df4d5b\" data-element_type=\"widget\" data-e-type=\"widget\" data-widget_type=\"heading.default\">\n\t\t\t\t<div class=\"elementor-widget-container\">\n\t\t\t\t\t<h1 class=\"elementor-heading-title elementor-size-default\">Economic and Market Report<\/h1>\t\t\t\t<\/div>\n\t\t\t\t<\/div>\n\t\t\t\t\t<\/div>\n\t\t<\/div>\n\t\t\t\t\t<\/div>\n\t\t<\/section>\n\t\t\t\t<section class=\"elementor-section elementor-top-section elementor-element elementor-element-0fe1fcd elementor-section-boxed elementor-section-height-default elementor-section-height-default\" data-id=\"0fe1fcd\" data-element_type=\"section\" data-e-type=\"section\">\n\t\t\t\t\t\t<div class=\"elementor-container elementor-column-gap-default\">\n\t\t\t\t\t<div class=\"elementor-column elementor-col-100 elementor-top-column elementor-element elementor-element-5357a0e\" data-id=\"5357a0e\" data-element_type=\"column\" data-e-type=\"column\">\n\t\t\t<div class=\"elementor-widget-wrap elementor-element-populated\">\n\t\t\t\t\t\t<div class=\"elementor-element elementor-element-300020d elementor-grid-3 elementor-grid-tablet-2 elementor-grid-mobile-1 elementor-posts--thumbnail-top elementor-card-shadow-yes elementor-posts__hover-gradient elementor-widget elementor-widget-posts\" data-id=\"300020d\" data-element_type=\"widget\" data-e-type=\"widget\" data-settings=\"{&quot;cards_row_gap&quot;:{&quot;unit&quot;:&quot;px&quot;,&quot;size&quot;:19,&quot;sizes&quot;:[]},&quot;pagination_type&quot;:&quot;load_more_infinite_scroll&quot;,&quot;cards_columns&quot;:&quot;3&quot;,&quot;cards_columns_tablet&quot;:&quot;2&quot;,&quot;cards_columns_mobile&quot;:&quot;1&quot;,&quot;cards_row_gap_tablet&quot;:{&quot;unit&quot;:&quot;px&quot;,&quot;size&quot;:&quot;&quot;,&quot;sizes&quot;:[]},&quot;cards_row_gap_mobile&quot;:{&quot;unit&quot;:&quot;px&quot;,&quot;size&quot;:&quot;&quot;,&quot;sizes&quot;:[]},&quot;load_more_spinner&quot;:{&quot;value&quot;:&quot;fas fa-spinner&quot;,&quot;library&quot;:&quot;fa-solid&quot;}}\" data-widget_type=\"posts.cards\">\n\t\t\t\t<div class=\"elementor-widget-container\">\n\t\t\t\t\t\t\t<div class=\"elementor-posts-container elementor-posts elementor-posts--skin-cards elementor-grid\" role=\"list\">\n\t\t\t\t<article class=\"elementor-post elementor-grid-item post-15736 post type-post status-publish format-standard hentry category-emr\" role=\"listitem\">\n\t\t\t<div class=\"elementor-post__card\">\n\t\t\t\t<div class=\"elementor-post__text\">\n\t\t\t\t<h2 class=\"elementor-post__title\">\n\t\t\t<a href=\"https:\/\/swisschange.ch\/fr\/2026\/04\/13\/marktfuehrung-2\/\" >\n\t\t\t\tMARKTF\u00dcHRUNG?\t\t\t<\/a>\n\t\t<\/h2>\n\t\t\t\t<div class=\"elementor-post__excerpt\">\n\t\t\t<p>Die \u00dcberpr\u00fcfung der langfristigen Beziehungen zwischen Inflation und kurz- und langfristigen Zinss\u00e4tzen in den USA sowie des DJIA-Aktienindexes hat uns wiederholt fasziniert. <\/p>\n\t\t<\/div>\n\t\t\n\t\t<a class=\"elementor-post__read-more\" href=\"https:\/\/swisschange.ch\/fr\/2026\/04\/13\/marktfuehrung-2\/\" aria-label=\"En savoir plus sur MARKTF\u00dcHRUNG?\" tabindex=\"-1\" >\n\t\t\tWeiterlesen \u00bb\t\t<\/a>\n\n\t\t\t\t<\/div>\n\t\t\t\t<div class=\"elementor-post__meta-data\">\n\t\t\t\t\t<span class=\"elementor-post-author\">\n\t\t\tAdriano Zanoni\t\t<\/span>\n\t\t\t\t<span class=\"elementor-post-date\">\n\t\t\t13. avril 2026\t\t<\/span>\n\t\t\t\t<\/div>\n\t\t\t\t\t<\/div>\n\t\t<\/article>\n\t\t\t\t<article class=\"elementor-post elementor-grid-item post-15238 post type-post status-publish format-standard hentry category-emr\" role=\"listitem\">\n\t\t\t<div class=\"elementor-post__card\">\n\t\t\t\t<div class=\"elementor-post__text\">\n\t\t\t\t<h2 class=\"elementor-post__title\">\n\t\t\t<a href=\"https:\/\/swisschange.ch\/fr\/2026\/03\/03\/marktfuehrung\/\" >\n\t\t\t\tMARKTF\u00dcHRUNG?\t\t\t<\/a>\n\t\t<\/h2>\n\t\t\t\t<div class=\"elementor-post__excerpt\">\n\t\t\t<p>Betrachtet man das Diagramm des langfristigen realen US-BIP in absoluten Werten und prozentualen Ver\u00e4nderungen, so sieht man, dass die Volatilit\u00e4t im Durchschnitt langfristig deutlich gesunken ist.<\/p>\n\t\t<\/div>\n\t\t\n\t\t<a class=\"elementor-post__read-more\" href=\"https:\/\/swisschange.ch\/fr\/2026\/03\/03\/marktfuehrung\/\" aria-label=\"En savoir plus sur MARKTF\u00dcHRUNG?\" tabindex=\"-1\" >\n\t\t\tWeiterlesen \u00bb\t\t<\/a>\n\n\t\t\t\t<\/div>\n\t\t\t\t<div class=\"elementor-post__meta-data\">\n\t\t\t\t\t<span class=\"elementor-post-author\">\n\t\t\tAdriano Zanoni\t\t<\/span>\n\t\t\t\t<span class=\"elementor-post-date\">\n\t\t\t3. mars 2026\t\t<\/span>\n\t\t\t\t<\/div>\n\t\t\t\t\t<\/div>\n\t\t<\/article>\n\t\t\t\t<article class=\"elementor-post elementor-grid-item post-15076 post type-post status-publish format-standard hentry category-emr\" role=\"listitem\">\n\t\t\t<div class=\"elementor-post__card\">\n\t\t\t\t<div class=\"elementor-post__text\">\n\t\t\t\t<h2 class=\"elementor-post__title\">\n\t\t\t<a href=\"https:\/\/swisschange.ch\/fr\/2026\/02\/11\/die-aktuelle-lage\/\" >\n\t\t\t\tDIE AKTUELLE LAGE\t\t\t<\/a>\n\t\t<\/h2>\n\t\t\t\t<div class=\"elementor-post__excerpt\">\n\t\t\t<p>Kaum ein Tag vergeht ohne einen Kommentar \u2013 oder gar ohne die Aufforderung verantwortlicher Politiker \u2013, die Zinsen weiter zu senken, um den Verlauf von Inflation und Aktienindizes zu steuern. Seit Kurzem kommt ein weiterer Einflussfaktor hinzu: die wiederholten Forderungen von Politikern und in j\u00fcngster Zeit, insbesondere jene des amtierenden US-Pr\u00e4sidenten.<\/p>\n\t\t<\/div>\n\t\t\n\t\t<a class=\"elementor-post__read-more\" href=\"https:\/\/swisschange.ch\/fr\/2026\/02\/11\/die-aktuelle-lage\/\" aria-label=\"En savoir plus sur DIE AKTUELLE LAGE\" tabindex=\"-1\" >\n\t\t\tWeiterlesen \u00bb\t\t<\/a>\n\n\t\t\t\t<\/div>\n\t\t\t\t<div class=\"elementor-post__meta-data\">\n\t\t\t\t\t<span class=\"elementor-post-author\">\n\t\t\tAdriano Zanoni\t\t<\/span>\n\t\t\t\t<span class=\"elementor-post-date\">\n\t\t\t11. f\u00e9vrier 2026\t\t<\/span>\n\t\t\t\t<\/div>\n\t\t\t\t\t<\/div>\n\t\t<\/article>\n\t\t\t\t<article class=\"elementor-post elementor-grid-item post-14784 post type-post status-publish format-standard hentry category-emr\" role=\"listitem\">\n\t\t\t<div class=\"elementor-post__card\">\n\t\t\t\t<div class=\"elementor-post__text\">\n\t\t\t\t<h2 class=\"elementor-post__title\">\n\t\t\t<a href=\"https:\/\/swisschange.ch\/fr\/2026\/01\/12\/ausblick-2026\/\" >\n\t\t\t\tAUSBLICK 2026\t\t\t<\/a>\n\t\t<\/h2>\n\t\t\t\t<div class=\"elementor-post__excerpt\">\n\t\t\t<p>Die Beurteilung des aktuellen Umfelds ist eine komplexe Aufgabe, da es unterschiedliche, teils konkurrierende Einflussfaktoren gibt.<\/p>\n\t\t<\/div>\n\t\t\n\t\t<a class=\"elementor-post__read-more\" href=\"https:\/\/swisschange.ch\/fr\/2026\/01\/12\/ausblick-2026\/\" aria-label=\"En savoir plus sur AUSBLICK 2026\" tabindex=\"-1\" >\n\t\t\tWeiterlesen \u00bb\t\t<\/a>\n\n\t\t\t\t<\/div>\n\t\t\t\t<div class=\"elementor-post__meta-data\">\n\t\t\t\t\t<span class=\"elementor-post-author\">\n\t\t\tAdriano Zanoni\t\t<\/span>\n\t\t\t\t<span class=\"elementor-post-date\">\n\t\t\t12. janvier 2026\t\t<\/span>\n\t\t\t\t<\/div>\n\t\t\t\t\t<\/div>\n\t\t<\/article>\n\t\t\t\t<article class=\"elementor-post elementor-grid-item post-14641 post type-post status-publish format-standard hentry category-emr\" role=\"listitem\">\n\t\t\t<div class=\"elementor-post__card\">\n\t\t\t\t<div class=\"elementor-post__text\">\n\t\t\t\t<h2 class=\"elementor-post__title\">\n\t\t\t<a href=\"https:\/\/swisschange.ch\/fr\/2025\/12\/19\/jahreswechsel-2025-2026\/\" >\n\t\t\t\tJAHRESWECHSEL 2025\u20132026\t\t\t<\/a>\n\t\t<\/h2>\n\t\t\t\t<div class=\"elementor-post__excerpt\">\n\t\t\t<p>Die Betrachtung der Grafiken mit den Monatsdurchschnitten der Indizes SPI, DJIA und NDX \u00fcber die letzten drei Jahre liefert wichtige Hinweise f\u00fcr die unmittelbare Zukunft. <\/p>\n\t\t<\/div>\n\t\t\n\t\t<a class=\"elementor-post__read-more\" href=\"https:\/\/swisschange.ch\/fr\/2025\/12\/19\/jahreswechsel-2025-2026\/\" aria-label=\"En savoir plus sur JAHRESWECHSEL 2025\u20132026\" tabindex=\"-1\" >\n\t\t\tWeiterlesen \u00bb\t\t<\/a>\n\n\t\t\t\t<\/div>\n\t\t\t\t<div class=\"elementor-post__meta-data\">\n\t\t\t\t\t<span class=\"elementor-post-author\">\n\t\t\tAdriano Zanoni\t\t<\/span>\n\t\t\t\t<span class=\"elementor-post-date\">\n\t\t\t19. d\u00e9cembre 2025\t\t<\/span>\n\t\t\t\t<\/div>\n\t\t\t\t\t<\/div>\n\t\t<\/article>\n\t\t\t\t<article class=\"elementor-post elementor-grid-item post-14333 post type-post status-publish format-standard hentry category-emr\" role=\"listitem\">\n\t\t\t<div class=\"elementor-post__card\">\n\t\t\t\t<div class=\"elementor-post__text\">\n\t\t\t\t<h2 class=\"elementor-post__title\">\n\t\t\t<a href=\"https:\/\/swisschange.ch\/fr\/2025\/11\/12\/lass-uns-wachsam-sein\/\" >\n\t\t\t\tLASS UNS WACHSAM SEIN!\t\t\t<\/a>\n\t\t<\/h2>\n\t\t\t\t<div class=\"elementor-post__excerpt\">\n\t\t\t<p>In diesem EMR m\u00f6chten wir darauf hinweisen, dass das Wirtschafts- und Investitionsumfeld noch nie so komplex und widerspr\u00fcchlich gewesen ist, wie in den letzten Jahren und insbesondere im Jahr 2025. <\/p>\n\t\t<\/div>\n\t\t\n\t\t<a class=\"elementor-post__read-more\" href=\"https:\/\/swisschange.ch\/fr\/2025\/11\/12\/lass-uns-wachsam-sein\/\" aria-label=\"En savoir plus sur LASS UNS WACHSAM SEIN!\" tabindex=\"-1\" >\n\t\t\tWeiterlesen \u00bb\t\t<\/a>\n\n\t\t\t\t<\/div>\n\t\t\t\t<div class=\"elementor-post__meta-data\">\n\t\t\t\t\t<span class=\"elementor-post-author\">\n\t\t\tAdriano Zanoni\t\t<\/span>\n\t\t\t\t<span class=\"elementor-post-date\">\n\t\t\t12. novembre 2025\t\t<\/span>\n\t\t\t\t<\/div>\n\t\t\t\t\t<\/div>\n\t\t<\/article>\n\t\t\t\t<article class=\"elementor-post elementor-grid-item post-14150 post type-post status-publish format-standard hentry category-emr\" role=\"listitem\">\n\t\t\t<div class=\"elementor-post__card\">\n\t\t\t\t<div class=\"elementor-post__text\">\n\t\t\t\t<h2 class=\"elementor-post__title\">\n\t\t\t<a href=\"https:\/\/swisschange.ch\/fr\/2025\/10\/09\/trumps-merkantilismus\/\" >\n\t\t\t\tTRUMPS MERKANTILISMUS\t\t\t<\/a>\n\t\t<\/h2>\n\t\t\t\t<div class=\"elementor-post__excerpt\">\n\t\t\t<p>Historisch gesehen war der Merkantilismus eine staatlich kontrollierte Wirtschaftspolitik vom 16. bis zum 18. Jahrhundert. Das Ziel bestand darin, die Wirtschaftskraft des Staates zu st\u00e4rken und nationalen Wohlstand zu schaffen, vor allem durch eine positive Handelsbilanz und die Anh\u00e4ufung von Edelmetallen.<\/p>\n\t\t<\/div>\n\t\t\n\t\t<a class=\"elementor-post__read-more\" href=\"https:\/\/swisschange.ch\/fr\/2025\/10\/09\/trumps-merkantilismus\/\" aria-label=\"En savoir plus sur TRUMPS MERKANTILISMUS\" tabindex=\"-1\" >\n\t\t\tWeiterlesen \u00bb\t\t<\/a>\n\n\t\t\t\t<\/div>\n\t\t\t\t<div class=\"elementor-post__meta-data\">\n\t\t\t\t\t<span class=\"elementor-post-author\">\n\t\t\tAdriano Zanoni\t\t<\/span>\n\t\t\t\t<span class=\"elementor-post-date\">\n\t\t\t9. octobre 2025\t\t<\/span>\n\t\t\t\t<\/div>\n\t\t\t\t\t<\/div>\n\t\t<\/article>\n\t\t\t\t<article class=\"elementor-post elementor-grid-item post-13824 post type-post status-publish format-standard hentry category-emr\" role=\"listitem\">\n\t\t\t<div class=\"elementor-post__card\">\n\t\t\t\t<div class=\"elementor-post__text\">\n\t\t\t\t<h2 class=\"elementor-post__title\">\n\t\t\t<a href=\"https:\/\/swisschange.ch\/fr\/2025\/09\/08\/die-geschichte-wiederholt-sich-nicht-aber-sie-reimt-sich\/\" >\n\t\t\t\t\u201cDie Geschichte wiederholt sich nicht \u2013 aber sie reimt sich.\u201d *\t\t\t<\/a>\n\t\t<\/h2>\n\t\t\t\t<div class=\"elementor-post__excerpt\">\n\t\t\t<p>Das aktuelle wirtschaftliche Umfeld wird allgemein als ziemlich einzigartig definiert oder betrachtet, obwohl es eine lange Geschichte des Wandels gibt. <\/p>\n\t\t<\/div>\n\t\t\n\t\t<a class=\"elementor-post__read-more\" href=\"https:\/\/swisschange.ch\/fr\/2025\/09\/08\/die-geschichte-wiederholt-sich-nicht-aber-sie-reimt-sich\/\" aria-label=\"En savoir plus sur \u201cDie Geschichte wiederholt sich nicht \u2013 aber sie reimt sich.\u201d *\" tabindex=\"-1\" >\n\t\t\tWeiterlesen \u00bb\t\t<\/a>\n\n\t\t\t\t<\/div>\n\t\t\t\t<div class=\"elementor-post__meta-data\">\n\t\t\t\t\t<span class=\"elementor-post-author\">\n\t\t\tAdriano Zanoni\t\t<\/span>\n\t\t\t\t<span class=\"elementor-post-date\">\n\t\t\t8. septembre 2025\t\t<\/span>\n\t\t\t\t<\/div>\n\t\t\t\t\t<\/div>\n\t\t<\/article>\n\t\t\t\t<article class=\"elementor-post elementor-grid-item post-13447 post type-post status-publish format-standard hentry category-emr\" role=\"listitem\">\n\t\t\t<div class=\"elementor-post__card\">\n\t\t\t\t<div class=\"elementor-post__text\">\n\t\t\t\t<h2 class=\"elementor-post__title\">\n\t\t\t<a href=\"https:\/\/swisschange.ch\/fr\/2025\/08\/11\/aktien-aktienindices-was-nun\/\" >\n\t\t\t\tAKTIEN &#038; AKTIENINDICES: WAS NUN?\t\t\t<\/a>\n\t\t<\/h2>\n\t\t\t\t<div class=\"elementor-post__excerpt\">\n\t\t\t<p>Was sich aus der Entwicklung ausgew\u00e4hlter Aktienindizes in der j\u00fcngsten Vergangenheit auf die absehbare Zukunft ableiten l\u00e4sst, ist an dieser Kreuzung die eigentliche Frage, nicht wahr?<\/p>\n\t\t<\/div>\n\t\t\n\t\t<a class=\"elementor-post__read-more\" href=\"https:\/\/swisschange.ch\/fr\/2025\/08\/11\/aktien-aktienindices-was-nun\/\" aria-label=\"En savoir plus sur AKTIEN &#038; AKTIENINDICES: WAS NUN?\" tabindex=\"-1\" >\n\t\t\tWeiterlesen \u00bb\t\t<\/a>\n\n\t\t\t\t<\/div>\n\t\t\t\t<div class=\"elementor-post__meta-data\">\n\t\t\t\t\t<span class=\"elementor-post-author\">\n\t\t\tAdriano Zanoni\t\t<\/span>\n\t\t\t\t<span class=\"elementor-post-date\">\n\t\t\t11. ao\u00fbt 2025\t\t<\/span>\n\t\t\t\t<\/div>\n\t\t\t\t\t<\/div>\n\t\t<\/article>\n\t\t\t\t<article class=\"elementor-post elementor-grid-item post-13090 post type-post status-publish format-standard hentry category-emr\" role=\"listitem\">\n\t\t\t<div class=\"elementor-post__card\">\n\t\t\t\t<div class=\"elementor-post__text\">\n\t\t\t\t<h2 class=\"elementor-post__title\">\n\t\t\t<a href=\"https:\/\/swisschange.ch\/fr\/2025\/07\/08\/sorgen-der-anleger\/\" >\n\t\t\t\tSORGEN DER ANLEGER\t\t\t<\/a>\n\t\t<\/h2>\n\t\t\t\t<div class=\"elementor-post__excerpt\">\n\t\t\t<p>Die Faktoren, welche die Anleger beunruhigen, scheinen weder das Auf und Ab der Aktienindizes noch des Goldpreises oder gar des \u00d6lpreises zu sein, sondern die Zinsrendite (z. B. die 10-j\u00e4hrigen Obligationen) aufgrund der Politik der Trumpschen Regierung. An diesem Punkt \u00fcberschneiden sich entscheidende Einflussfaktoren, die das Vertrauen, die Liquidit\u00e4t und vor allem die Nachhaltigkeit des Wirtschafts- und insbesondere des Finanzsystems massgeblich bestimmen.<\/p>\n\t\t<\/div>\n\t\t\n\t\t<a class=\"elementor-post__read-more\" href=\"https:\/\/swisschange.ch\/fr\/2025\/07\/08\/sorgen-der-anleger\/\" aria-label=\"En savoir plus sur SORGEN DER ANLEGER\" tabindex=\"-1\" >\n\t\t\tWeiterlesen \u00bb\t\t<\/a>\n\n\t\t\t\t<\/div>\n\t\t\t\t<div class=\"elementor-post__meta-data\">\n\t\t\t\t\t<span class=\"elementor-post-author\">\n\t\t\tAdriano Zanoni\t\t<\/span>\n\t\t\t\t<span class=\"elementor-post-date\">\n\t\t\t8. juillet 2025\t\t<\/span>\n\t\t\t\t<\/div>\n\t\t\t\t\t<\/div>\n\t\t<\/article>\n\t\t\t\t<\/div>\n\t\t\t\t\t<span class=\"e-load-more-spinner\">\n\t\t\t\t<svg aria-hidden=\"true\" class=\"e-font-icon-svg e-fas-spinner\" viewBox=\"0 0 512 512\" xmlns=\"http:\/\/www.w3.org\/2000\/svg\"><path d=\"M304 48c0 26.51-21.49 48-48 48s-48-21.49-48-48 21.49-48 48-48 48 21.49 48 48zm-48 368c-26.51 0-48 21.49-48 48s21.49 48 48 48 48-21.49 48-48-21.49-48-48-48zm208-208c-26.51 0-48 21.49-48 48s21.49 48 48 48 48-21.49 48-48-21.49-48-48-48zM96 256c0-26.51-21.49-48-48-48S0 229.49 0 256s21.49 48 48 48 48-21.49 48-48zm12.922 99.078c-26.51 0-48 21.49-48 48s21.49 48 48 48 48-21.49 48-48c0-26.509-21.491-48-48-48zm294.156 0c-26.51 0-48 21.49-48 48s21.49 48 48 48 48-21.49 48-48c0-26.509-21.49-48-48-48zM108.922 60.922c-26.51 0-48 21.49-48 48s21.49 48 48 48 48-21.49 48-48-21.491-48-48-48z\"><\/path><\/svg>\t\t\t<\/span>\n\t\t\n\t\t\t\t<div class=\"e-load-more-anchor\" data-page=\"1\" data-max-page=\"7\" data-next-page=\"https:\/\/swisschange.ch\/fr\/wp-json\/wp\/v2\/pages\/3653\/page\/2\/\"><\/div>\n\t\t\t\t<div class=\"e-load-more-message\"><\/div>\n\t\t\t\t\t\t<\/div>\n\t\t\t\t<\/div>\n\t\t\t\t\t<\/div>\n\t\t<\/div>\n\t\t\t\t\t<\/div>\n\t\t<\/section>\n\t\t\t\t<\/div>\n\t\t<span class=\"synved-social-container synved-social-container-share\"><a class=\"synved-social-button synved-social-button-share synved-social-size-24 synved-social-resolution-single synved-social-provider-facebook nolightbox\" data-provider=\"facebook\" target=\"_blank\" rel=\"nofollow\" title=\"Share on Facebook\" href=\"https:\/\/www.facebook.com\/sharer.php?u=https%3A%2F%2Fswisschange.ch%2Ffr%2Fwp-json%2Fwp%2Fv2%2Fpages%2F3653%2F&#038;t=SORGEN%20DER%20ANLEGER&#038;s=100&#038;p&#091;url&#093;=https%3A%2F%2Fswisschange.ch%2Ffr%2Fwp-json%2Fwp%2Fv2%2Fpages%2F3653%2F&#038;p&#091;images&#093;&#091;0&#093;=https%3A%2F%2Fswisschange.ch%2Fwp-content%2Fuploads%2F2025%2F07%2FEMR_Juli_25_DE1.png&#038;p&#091;title&#093;=SORGEN%20DER%20ANLEGER\" style=\"font-size: 0px;width:24px;height:24px;margin:0;margin-bottom:10px;margin-right:10px\"><img decoding=\"async\" alt=\"Facebook\" title=\"Share on Facebook\" class=\"synved-share-image synved-social-image synved-social-image-share\" width=\"24\" height=\"24\" style=\"display: inline;width:24px;height:24px;margin: 0;padding: 0;border: none;box-shadow: none\" src=\"https:\/\/swisschange.ch\/wp-content\/plugins\/social-media-feather\/synved-social\/addons\/extra-icons\/image\/social\/clearslate\/48x48\/facebook.png\" \/><\/a><a class=\"synved-social-button synved-social-button-share synved-social-size-24 synved-social-resolution-single synved-social-provider-twitter nolightbox\" data-provider=\"twitter\" target=\"_blank\" rel=\"nofollow\" title=\"Share on Twitter\" href=\"https:\/\/twitter.com\/intent\/tweet?url=https%3A%2F%2Fswisschange.ch%2Ffr%2Fwp-json%2Fwp%2Fv2%2Fpages%2F3653%2F&#038;text=Hey%20check%20this%20out\" style=\"font-size: 0px;width:24px;height:24px;margin:0;margin-bottom:10px;margin-right:10px\"><img decoding=\"async\" alt=\"twitter\" title=\"Share on Twitter\" class=\"synved-share-image synved-social-image synved-social-image-share\" width=\"24\" height=\"24\" style=\"display: inline;width:24px;height:24px;margin: 0;padding: 0;border: none;box-shadow: none\" src=\"https:\/\/swisschange.ch\/wp-content\/plugins\/social-media-feather\/synved-social\/addons\/extra-icons\/image\/social\/clearslate\/48x48\/twitter.png\" \/><\/a><a class=\"synved-social-button synved-social-button-share synved-social-size-24 synved-social-resolution-single synved-social-provider-linkedin nolightbox\" data-provider=\"linkedin\" target=\"_blank\" rel=\"nofollow\" title=\"Share on Linkedin\" href=\"https:\/\/www.linkedin.com\/shareArticle?mini=true&#038;url=https%3A%2F%2Fswisschange.ch%2Ffr%2Fwp-json%2Fwp%2Fv2%2Fpages%2F3653%2F&#038;title=SORGEN%20DER%20ANLEGER\" style=\"font-size: 0px;width:24px;height:24px;margin:0;margin-bottom:10px;margin-right:10px\"><img decoding=\"async\" alt=\"linkedin\" title=\"Share on Linkedin\" class=\"synved-share-image synved-social-image synved-social-image-share\" width=\"24\" height=\"24\" style=\"display: inline;width:24px;height:24px;margin: 0;padding: 0;border: none;box-shadow: none\" src=\"https:\/\/swisschange.ch\/wp-content\/plugins\/social-media-feather\/synved-social\/addons\/extra-icons\/image\/social\/clearslate\/48x48\/linkedin.png\" \/><\/a><a class=\"synved-social-button synved-social-button-share synved-social-size-24 synved-social-resolution-single synved-social-provider-mail nolightbox\" data-provider=\"mail\" rel=\"nofollow\" title=\"Share by email\" href=\"mailto:?subject=SORGEN%20DER%20ANLEGER&#038;body=Hey%20check%20this%20out:%20https%3A%2F%2Fswisschange.ch%2Ffr%2Fwp-json%2Fwp%2Fv2%2Fpages%2F3653%2F\" style=\"font-size: 0px;width:24px;height:24px;margin:0;margin-bottom:10px\"><img loading=\"lazy\" decoding=\"async\" alt=\"mail\" title=\"Share by email\" class=\"synved-share-image synved-social-image synved-social-image-share\" width=\"24\" height=\"24\" style=\"display: inline;width:24px;height:24px;margin: 0;padding: 0;border: none;box-shadow: none\" src=\"https:\/\/swisschange.ch\/wp-content\/plugins\/social-media-feather\/synved-social\/addons\/extra-icons\/image\/social\/clearslate\/48x48\/mail.png\" \/><\/a><\/span>","protected":false},"excerpt":{"rendered":"<p>Economic and Market Report<\/p>\n","protected":false},"author":1,"featured_media":0,"parent":0,"menu_order":0,"comment_status":"closed","ping_status":"closed","template":"elementor_header_footer","meta":{"inline_featured_image":false,"footnotes":""},"class_list":["post-3653","page","type-page","status-publish","hentry"],"aioseo_notices":[],"_links":{"self":[{"href":"https:\/\/swisschange.ch\/fr\/wp-json\/wp\/v2\/pages\/3653","targetHints":{"allow":["GET"]}}],"collection":[{"href":"https:\/\/swisschange.ch\/fr\/wp-json\/wp\/v2\/pages"}],"about":[{"href":"https:\/\/swisschange.ch\/fr\/wp-json\/wp\/v2\/types\/page"}],"author":[{"embeddable":true,"href":"https:\/\/swisschange.ch\/fr\/wp-json\/wp\/v2\/users\/1"}],"replies":[{"embeddable":true,"href":"https:\/\/swisschange.ch\/fr\/wp-json\/wp\/v2\/comments?post=3653"}],"version-history":[{"count":69,"href":"https:\/\/swisschange.ch\/fr\/wp-json\/wp\/v2\/pages\/3653\/revisions"}],"predecessor-version":[{"id":15399,"href":"https:\/\/swisschange.ch\/fr\/wp-json\/wp\/v2\/pages\/3653\/revisions\/15399"}],"wp:attachment":[{"href":"https:\/\/swisschange.ch\/fr\/wp-json\/wp\/v2\/media?parent=3653"}],"curies":[{"name":"wp","href":"https:\/\/api.w.org\/{rel}","templated":true}]}}