{"id":2603,"date":"2020-01-09T19:58:26","date_gmt":"2020-01-09T18:58:26","guid":{"rendered":"https:\/\/swisschange.ch\/termes\/"},"modified":"2022-06-21T11:11:24","modified_gmt":"2022-06-21T09:11:24","slug":"termes","status":"publish","type":"page","link":"https:\/\/swisschange.ch\/fr\/termes\/","title":{"rendered":"Termes"},"content":{"rendered":"\t\t<div data-elementor-type=\"wp-post\" data-elementor-id=\"2603\" class=\"elementor elementor-2603 elementor-1280\" data-elementor-post-type=\"page\">\n\t\t\t\t\t\t<section class=\"elementor-section elementor-top-section elementor-element elementor-element-0206e7f elementor-section-boxed elementor-section-height-default elementor-section-height-default\" data-id=\"0206e7f\" data-element_type=\"section\" data-e-type=\"section\">\n\t\t\t\t\t\t<div class=\"elementor-container elementor-column-gap-default\">\n\t\t\t\t\t<div class=\"elementor-column elementor-col-100 elementor-top-column elementor-element elementor-element-b696c69\" data-id=\"b696c69\" data-element_type=\"column\" data-e-type=\"column\">\n\t\t\t<div class=\"elementor-widget-wrap elementor-element-populated\">\n\t\t\t\t\t\t<div class=\"elementor-element elementor-element-e1ec0b6 elementor-widget elementor-widget-heading\" data-id=\"e1ec0b6\" data-element_type=\"widget\" data-e-type=\"widget\" data-widget_type=\"heading.default\">\n\t\t\t\t<div class=\"elementor-widget-container\">\n\t\t\t\t\t<h1 class=\"elementor-heading-title elementor-size-default\">Termes <\/h1>\t\t\t\t<\/div>\n\t\t\t\t<\/div>\n\t\t\t\t<div class=\"elementor-element elementor-element-7add140 elementor-widget elementor-widget-text-editor\" data-id=\"7add140\" data-element_type=\"widget\" data-e-type=\"widget\" data-widget_type=\"text-editor.default\">\n\t\t\t\t<div class=\"elementor-widget-container\">\n\t\t\t\t\t\t\t\t\t<h3>1. Consentement<\/h3>\r\nVeuillez lire attentivement les avis juridiques suivants \/ Conditions d&rsquo;utilisation (\u00ab\u00a0<strong>Conditions<\/strong>d&rsquo;utilisation \u00ab\u00a0) avant d&rsquo;acc\u00e9der au site web de la soci\u00e9t\u00e9 <i>swissCHANGE<\/i> (\u00ab\u00a0<i><b>SWISSCHANGE<\/b><\/i>\u00a0\u00bb et le site <i>SWISSCHANGE<\/i> \u00ab\u00a0<i><b>SWISSCHANGE<\/b><\/i><strong>website<\/strong>\u00ab\u00a0). En acc\u00e9dant au site <i>WEB de SWISSCHANGE,<\/i>vous d\u00e9clarez que vous avez <strong>compris<\/strong> les conditions d&rsquo;utilisation et les <strong>acceptez pleinement.<\/strong> Si vous n&rsquo;avez pas compris ou n&rsquo;acceptez pas une ou plusieurs conditions d&rsquo;utilisation, veuillez quitter le site Web de <i>SWISSCHANGE.<\/i>\r\n<h3>2. Acc\u00e8s limit\u00e9<\/h3>\r\nLe site <i>Web de SWISSCHANGE<\/i>ne peut \u00eatre consult\u00e9 par les personnes qui sont soumises (en partie en raison de leur nationalit\u00e9 et\/ou de leur domicile) \u00e0 un syst\u00e8me juridique qui interdit la publication du contenu du site <i>Web de SWISSCHANGE<\/i>ou l&rsquo;acc\u00e8s au site <i>Web de SWISSCHANGE<\/i>(pour quelque raison que ce soit). Il est interdit aux personnes auxquelles ces restrictions s&rsquo;appliquent d&rsquo;acc\u00e9der au site <i>Web de SWISSCHANGE.<\/i> Cela s&rsquo;applique en particulier. citoyens et\/ou r\u00e9sidents des \u00c9tats-Unis et des \u00eeles Ca\u00efmans.\r\n<h3>3. Aucune offre<\/h3>\r\nLes informations et opinions publi\u00e9es sur le site web de <i>SWISSCHANGE<\/i>ne constituent pas une publicit\u00e9, une recommandation, une sollicitation, une offre ou une invitation \u00e0 l&rsquo;offre. i) pour l&rsquo;achat ou la vente d&rsquo;instruments de placement; (ii) pour l&rsquo;ex\u00e9cution d&rsquo;autres transactions ou (iii) \u00e0 la fin d&rsquo;autres transactions juridiques. Ils sont \u00e0 des fins d&rsquo;information seulement. Il n&rsquo;est pas exclu que les instruments et services d&rsquo;investissement d\u00e9crits ne vous conviennent pas ou ne soient pas disponibles.\r\n<h3>4. Aucun conseil<\/h3>\r\nLes informations et opinions publi\u00e9es sur le site web de <i>SWISSCHANGE<\/i>ne sont pas destin\u00e9es \u00e0 des conseils en investissement et ne constituent en aucune fa\u00e7on des conseils juridiques, fiscaux, \u00e9conomiques ou autres. Ils ne sont pas adapt\u00e9s \u00e0 la prise de d\u00e9cisions. Avant de d\u00e9cider d&rsquo;une action sp\u00e9cifique, vous devriez demander conseil \u00e0 un expert sp\u00e9cialis\u00e9. En conservant le contenu du site Web ou en l&rsquo;appelant, le fournisseur n&rsquo;entre en aucune relation contractuelle avec l&rsquo;utilisateur.\r\n<h3>5. Aucune garantie<\/h3>\r\n<i style=\"font-size: 1rem;\">SWISSCHANGE<\/i> utilise le plus grand soin possible lors de la compilation du contenu sur ce site. Le contenu de la Le site <i>Web de SWISSCHANGE<\/i>est constamment mis \u00e0 jour et v\u00e9rifi\u00e9 pour la justesse. <i>Toutefois, SWISSCHANGE<\/i> et ses partenaires contractuels ne garantissent pas (ni express\u00e9ment ni implicitement) et ne font aucune d\u00e9claration quant \u00e0 l&rsquo;exactitude, \u00e0 l&rsquo;exactitude, \u00e0 la rapidit\u00e9 et \u00e0 l&rsquo;exhaustivit\u00e9 de la Le site <i>Web de SWISSCHANGE<\/i>a publi\u00e9 du contenu. En particulier, <i>SWISSCHANGE<\/i> n&rsquo;est pas tenue de mettre \u00e0 jour des informations ou des avis p\u00e9rim\u00e9s \u00e0 partir desquels Site Web de <i>SWISSCHANGE.<\/i> Les informations et opinions contenues sur le site Web de <i>SWISSCHANGE<\/i>peuvent \u00eatre modifi\u00e9es \u00e0 tout moment sans pr\u00e9avis.\r\n\r\nPlus <i>SWISSCHANGE<\/i> n&rsquo;est pas responsable et ne garantit pas que les fonctions Le site <i>Web de SWISSCHANGE<\/i>ne sera pas interrompu ou sans erreur, les d\u00e9fauts seront corrig\u00e9s ou le Le site <i>Web de SWISSCHANGE<\/i>et les serveurs \u00e0 partir desquels le contenu peut \u00eatre r\u00e9cup\u00e9r\u00e9 sont exempts de virus, de chevaux de Troie, de vers, de bombes logicielles ou d&rsquo;autres composants et programmes nuisibles.\r\n\r\nDe l&rsquo;\u00e9laboration de la valeur d&rsquo;un instrument d&rsquo;investissement dans le pass\u00e9, il n&rsquo;est pas possible de tirer des conclusions sur sa performance \u00e0 l&rsquo;avenir. Les investissements en devises \u00e9trang\u00e8res sont \u00e9galement soumis \u00e0 des fluctuations des taux de change. Les distributions li\u00e9es \u00e0 un instrument de placement peuvent \u00e9galement varier. <i>SWISSCHANGE<\/i> ne garantit pas que i) l&rsquo;augmentation de la valeur ou du maintien du capital investi dans des instruments de placement, et (ii) le montant des distributions futures.\r\n\r\nToutes les donn\u00e9es disponibles sur ce site Web, y compris les donn\u00e9es sur les march\u00e9s financiers, les donn\u00e9es sur les prix, les rapports, les recherches ou d&rsquo;autres renseignements financiers, sont fond\u00e9es sur des sources consid\u00e9r\u00e9es comme fiables et soigneusement s\u00e9lectionn\u00e9es. Toutes les informations disponibles sont fournies \u00e0 l&rsquo;Utilisateur sans garantie de d\u00e9fauts et sans repr\u00e9sentations ou garanties expresses ou implicites en ce qui concerne la qualit\u00e9, l&rsquo;originalit\u00e9, la violation de la propri\u00e9t\u00e9 intellectuelle ou l&rsquo;aptitude \u00e0 un but particulier. Fourni.\r\n<h3>6. Aucune responsabilit\u00e9<\/h3>\r\n<i style=\"font-size: 1rem;\">SWISSCHANGE<\/i> n&rsquo;assume aucune responsabilit\u00e9 ou garantie pour la mise \u00e0 jour, l&rsquo;exactitude et l&rsquo;exhaustivit\u00e9 des informations fournies sur son site web. <i>SWISSCHANGE<\/i> n&rsquo;est pas responsable des dommages directs ou indirects, y compris la perte de profit, d\u00e9coulant des informations fournies sur le <i>site Web de SWISSCHANGE<\/i>ou directement ou indirectement li\u00e9 \u00e0 l&rsquo;utilisation du site Web de SWISSCHANGE. <i>site WEB de SWISSCHANGE<\/i>et le contenu qui y est contenu ou avec les risques des march\u00e9s financiers. La responsabilit\u00e9 pour n\u00e9gligence l\u00e9g\u00e8re se limite au pr\u00e9judice pr\u00e9visible et est exclue en ce qui concerne les dommages et la perte de profit qui en d\u00e9coulent.\r\n<h3>7. Pas d&rsquo;ordres<\/h3>\r\nLes champs d&rsquo;entr\u00e9e contenus dans le site Web de <i>SWISSCHANGE<\/i>ne sont pas disponibles pour passer des commandes (par exemple, des commandes pour l&rsquo;achat\/vente d&rsquo;instruments de placement) \u00e0 <i>SWISSCHANGE.<\/i> Les ordres \u00e9mis de cette mani\u00e8re ne sont pas ex\u00e9cut\u00e9s par <i>SWISSCHANGE<\/i> &#8211; m\u00eame sans r\u00e9troaction appropri\u00e9e \u00e0 l&rsquo;exp\u00e9diteur &#8211; et aucun contrat effectif avec <i>SWISSCHANGE<\/i> n&rsquo;est conclu.\r\n<h3>8. Droits de propri\u00e9t\u00e9, droits d&rsquo;auteur et marques<\/h3>\r\nTous les \u00e9l\u00e9ments du site <i>Web de SWISSCHANGE<\/i>sont prot\u00e9g\u00e9s par le droit de la propri\u00e9t\u00e9 intellectuelle et sont la propri\u00e9t\u00e9 de <i>SWISSCHANGE<\/i> ou de tiers. Le t\u00e9l\u00e9chargement ou l&rsquo;impression d&rsquo;\u00e9l\u00e9ments du site WEB de <i>SWISSCHANGE<\/i>ne nous donne aucun droit, ni plus que par tous les moyens. droits relatifs aux logiciels, marques de commerce ou \u00e9l\u00e9ments du site <i>Web de SWISSCHANGE.<\/i> Les avis de droit d&rsquo;auteur et les marques ne peuvent pas \u00eatre modifi\u00e9s ou supprim\u00e9s. La reproduction compl\u00e8te ou partielle d&rsquo;\u00e9l\u00e9ments du site Web de <i>SWISSCHANGE,<\/i>sous quelque forme que ce soit (sous quelque forme que ce soit, \u00e9lectronique ou imprim\u00e9e), n&rsquo;est autoris\u00e9e qu&rsquo;avec l&rsquo;indication compl\u00e8te de la source et le consentement \u00e9crit pr\u00e9alable de <i>SWISSCHANGE.<\/i>\r\n\r\nLa cr\u00e9ation d&rsquo;un lien hyper ou inligne d&rsquo;un autre site Web vers le site <i>Web de SWISSCHANGE<\/i>sans le consentement \u00e9crit pr\u00e9alable de <i>SWISSCHANGE<\/i> est interdite.\r\n<h3>9. Conflits d&rsquo;int\u00e9r\u00eats potentiels<\/h3>\r\nIl est possible que <i>SWISSCHANGE<\/i> elle-m\u00eame ou ses administrateurs ou employ\u00e9s aient investi dans des instruments d&rsquo;investissement dans le pass\u00e9, investissent actuellement ou investiront dans l&rsquo;avenir, \u00e0 travers lequel le site <i>Web de SWISSCHANGE<\/i>contient des informations ou des opinions. Il est \u00e9galement possible que <i>SWISSCHANGE<\/i> ait fourni, fourni ou fournira des services aux \u00e9metteurs de tels instruments d&rsquo;investissement dans le pass\u00e9, par exemple dans le domaine du financement d&rsquo;entreprise ou de la cr\u00e9ation de march\u00e9s. Il n&rsquo;est pas non plus exclu que des employ\u00e9s ou des administrateurs de <i>SWISSCHANGE<\/i> aient travaill\u00e9, agissent ou agiront pour le compte d&rsquo;\u00e9metteurs de tels instruments de placement, par exemple en tant qu&rsquo;administrateurs. <i>SWISSCHANGE<\/i> elle-m\u00eame ou ses administrateurs ou employ\u00e9s peuvent donc avoir un int\u00e9r\u00eat dans le d\u00e9veloppement futur des prix des instruments de placement.\r\n<h3>10. Liens vers d&rsquo;autres sites Web<\/h3>\r\nEn utilisant un lien (vous pouvez laisser le site <i>WEB DE SWISSCHANGE<\/i>aux pages Web tierces (appel\u00e9es \u00ab liens externes \u00bb) et \u00e0 leur contenu. Liens vers des sites Web tiers sur le Le site <i>Web de SWISSCHANGE<\/i>est <i>SWISSCHANGE<\/i> en plus de son propre contenu est fourni uniquement pour des raisons de convivialit\u00e9 et d&rsquo;informations. <i>SWISSCHANGE<\/i> n&rsquo;a aucun contr\u00f4le sur le contenu de ces sites Web tiers et n&rsquo;assume aucune responsabilit\u00e9 quant \u00e0 leur exactitude, exactitude, exhaustivit\u00e9, v\u00e9rit\u00e9, rapidit\u00e9 ou aptitude \u00e0 des fins sp\u00e9cifiques. Toute responsabilit\u00e9 de <i>SWISSCHANGE<\/i>, en particulier pour tout dommage direct ou indirect ou cons\u00e9quence s&rsquo;il r\u00e9sulte de l&rsquo;utilisation du contenu des sites Web tiers, est exclu. <i>SWISSCHANGE<\/i> n&rsquo;a aucune influence sur le contenu des pages li\u00e9es et n&rsquo;assume donc aucune responsabilit\u00e9 pour le contenu des liens externes, en particulier ceux qui ont \u00e9t\u00e9 modifi\u00e9s apr\u00e8s le d\u00e9but du lien. <i>SWISSCHANGE<\/i> n&rsquo;initie pas la transmission de l&rsquo;information et ne s\u00e9lectionne ni ne modifie le destinataire de l&rsquo;information transmise et l&rsquo;information transmise elle-m\u00eame. En outre, <i>SWISSCHANGE<\/i> ne cache pas automatiquement ces liens externes \u00e0 court terme en raison de la m\u00e9thodologie de liaison et d&rsquo;appel utilis\u00e9e. La responsabilit\u00e9 du contenu des pages li\u00e9es incombe donc exclusivement aux op\u00e9rateurs des pages Web consult\u00e9es par les liens externes.\r\n\r\nEn outre, <i>SWISSCHANGE<\/i> ne garantit pas que ces sites Web ou leur contenu ne portent pas atteinte au droit d&rsquo;auteur ou aux droits de marque ou \u00e0 d&rsquo;autres violations des droits de tiers, ni que ces sites Web ou leur contenu sont exempts de virus ou d&rsquo;autres composants nuisibles. Aucune garantie n&rsquo;est donn\u00e9e quant \u00e0 l&rsquo;authenticit\u00e9 des documents sur Internet.\r\n<h3>11. Modifications aux conditions d&rsquo;utilisation<\/h3>\r\n<i style=\"font-size: 1rem;\">SWISSCHANGE<\/i> se r\u00e9serve le droit de modifier ces Conditions d&rsquo;utilisation de temps \u00e0 autre. Nous vous demandons donc de lire ces Conditions d&rsquo;utilisation chaque fois que vous acc\u00e9dez au site <i>Web de SWISSCHANGE<\/i>et de v\u00e9rifier si vous acceptez la refonte. Si vous n&rsquo;avez pas compris ou n&rsquo;acceptez pas une ou plusieurs dispositions des Conditions d&rsquo;utilisation actuelles, veuillez quitter le site Web de <i>SWISSCHANGE.<\/i>\r\n<h3>12. Affectation, d\u00e9l\u00e9gation et d\u00e9l\u00e9gation<\/h3>\r\n<i>SwissCHANGE<\/i> ainsi que ses successeurs et agents ont le droit de s&rsquo;appuyer sur ces Conditions d&rsquo;utilisation. Tous les droits en vertu de ces Conditions d&rsquo;utilisation peuvent \u00eatre attribu\u00e9s ou transf\u00e9r\u00e9s par <i>SWISSCHANGE.<\/i> L&rsquo;accomplissement de toutes les obligations d\u00e9coulant de ces Conditions d&rsquo;utilisation peut \u00eatre d\u00e9l\u00e9gu\u00e9 ou d\u00e9l\u00e9gu\u00e9 \u00e0 des tiers par <i>SWISSCHANGE.<\/i>\r\n<h3>13. Validit\u00e9 juridique des avertissements<\/h3>\r\nLes avertissements susmentionn\u00e9s doivent \u00eatre consid\u00e9r\u00e9s comme faisant partie de l&rsquo;offre Internet \u00e0 partir de laquelle cette page a \u00e9t\u00e9 renvoy\u00e9e. Si les parties ou les formulations individuelles de ce texte ne sont plus ou ne sont pas enti\u00e8rement conformes \u00e0 la situation juridique applicable, les parties restantes du document restent inchang\u00e9es dans leur contenu et leur validit\u00e9.\r\n<h3>14. Droit applicable \/ juridiction<\/h3>\r\nL&rsquo;acc\u00e8s et l&rsquo;utilisation du site ainsi que les conditions d&rsquo;utilisation sont soumis au <strong>droit suisse<\/strong> ayant comp\u00e9tence <strong>\u00e0 B\u00e2le, en Suisse.<\/strong>\r\n\r\nS&rsquo;il vous pla\u00eet lire aussi notre <em><a href=\"https:\/\/swisschange.ch\/fr\/reglement-sur-la-protection-des-renseignements-personnels\/\">Politique de confidentialit\u00e9<\/a><\/em>, qui vous informe sur notre traitement des donn\u00e9es personnelles.\t\t\t\t\t\t\t\t<\/div>\n\t\t\t\t<\/div>\n\t\t\t\t\t<\/div>\n\t\t<\/div>\n\t\t\t\t\t<\/div>\n\t\t<\/section>\n\t\t\t\t<\/div>\n\t\t","protected":false},"excerpt":{"rendered":"<p>Termes 1. Consentement Veuillez lire attentivement les avis juridiques suivants \/ Conditions d&rsquo;utilisation (\u00ab\u00a0Conditionsd&rsquo;utilisation \u00ab\u00a0) avant d&rsquo;acc\u00e9der au site web de la soci\u00e9t\u00e9 swissCHANGE (\u00ab\u00a0SWISSCHANGE\u00a0\u00bb et le site SWISSCHANGE \u00ab\u00a0SWISSCHANGEwebsite\u00ab\u00a0). En acc\u00e9dant au site WEB de SWISSCHANGE,vous d\u00e9clarez que vous avez compris les conditions d&rsquo;utilisation et les acceptez pleinement. Si vous n&rsquo;avez pas compris ou &hellip; <\/p>\n<p class=\"link-more\"><a href=\"https:\/\/swisschange.ch\/fr\/termes\/\" class=\"more-link\">Continuer la lecture<span class=\"screen-reader-text\"> de &laquo;&nbsp;Termes&nbsp;&raquo;<\/span><\/a><\/p>\n","protected":false},"author":1,"featured_media":0,"parent":0,"menu_order":0,"comment_status":"closed","ping_status":"closed","template":"elementor_header_footer","meta":{"inline_featured_image":false,"footnotes":""},"class_list":["post-2603","page","type-page","status-publish","hentry"],"aioseo_notices":[],"_links":{"self":[{"href":"https:\/\/swisschange.ch\/fr\/wp-json\/wp\/v2\/pages\/2603","targetHints":{"allow":["GET"]}}],"collection":[{"href":"https:\/\/swisschange.ch\/fr\/wp-json\/wp\/v2\/pages"}],"about":[{"href":"https:\/\/swisschange.ch\/fr\/wp-json\/wp\/v2\/types\/page"}],"author":[{"embeddable":true,"href":"https:\/\/swisschange.ch\/fr\/wp-json\/wp\/v2\/users\/1"}],"replies":[{"embeddable":true,"href":"https:\/\/swisschange.ch\/fr\/wp-json\/wp\/v2\/comments?post=2603"}],"version-history":[{"count":4,"href":"https:\/\/swisschange.ch\/fr\/wp-json\/wp\/v2\/pages\/2603\/revisions"}],"predecessor-version":[{"id":5130,"href":"https:\/\/swisschange.ch\/fr\/wp-json\/wp\/v2\/pages\/2603\/revisions\/5130"}],"wp:attachment":[{"href":"https:\/\/swisschange.ch\/fr\/wp-json\/wp\/v2\/media?parent=2603"}],"curies":[{"name":"wp","href":"https:\/\/api.w.org\/{rel}","templated":true}]}}