{"id":2598,"date":"2018-08-28T13:46:11","date_gmt":"2018-08-28T11:46:11","guid":{"rendered":"https:\/\/swisschange.ch\/politique-cookie\/"},"modified":"2023-07-10T20:39:21","modified_gmt":"2023-07-10T18:39:21","slug":"politique-cookie","status":"publish","type":"page","link":"https:\/\/swisschange.ch\/fr\/politique-cookie\/","title":{"rendered":"Politique Cookie"},"content":{"rendered":"\t\t<div data-elementor-type=\"wp-post\" data-elementor-id=\"2598\" class=\"elementor elementor-2598 elementor-1289\" data-elementor-post-type=\"page\">\n\t\t\t\t\t\t<section class=\"elementor-section elementor-top-section elementor-element elementor-element-0b276fd elementor-section-boxed elementor-section-height-default elementor-section-height-default\" data-id=\"0b276fd\" data-element_type=\"section\" data-e-type=\"section\">\n\t\t\t\t\t\t<div class=\"elementor-container elementor-column-gap-default\">\n\t\t\t\t\t<div class=\"elementor-column elementor-col-100 elementor-top-column elementor-element elementor-element-c09193a\" data-id=\"c09193a\" data-element_type=\"column\" data-e-type=\"column\">\n\t\t\t<div class=\"elementor-widget-wrap elementor-element-populated\">\n\t\t\t\t\t\t<div class=\"elementor-element elementor-element-ad6d9c1 elementor-widget elementor-widget-heading\" data-id=\"ad6d9c1\" data-element_type=\"widget\" data-e-type=\"widget\" data-widget_type=\"heading.default\">\n\t\t\t\t<div class=\"elementor-widget-container\">\n\t\t\t\t\t<h1 class=\"elementor-heading-title elementor-size-default\">Politique Cookie<\/h1>\t\t\t\t<\/div>\n\t\t\t\t<\/div>\n\t\t\t\t<div class=\"elementor-element elementor-element-8b25576 elementor-widget elementor-widget-text-editor\" data-id=\"8b25576\" data-element_type=\"widget\" data-e-type=\"widget\" data-widget_type=\"text-editor.default\">\n\t\t\t\t<div class=\"elementor-widget-container\">\n\t\t\t\t\t\t\t\t\t<h3>1. Remarque pr\u00e9liminaire<\/h3>\n<p>La soci\u00e9t\u00e9 <em>SWISSCHANGE<\/em> Financial Services SA (\u00ab\u00a0<strong><em>SWISSCHANGE<\/em><\/strong> \u00ab\u00a0, \u00ab\u00a0<strong>nous<\/strong>\u00a0\u00bb ou \u00ab\u00a0<strong>notre<\/strong>\u00ab\u00a0) vous remercient de votre visite sur ce site et de l&rsquo;int\u00e9r\u00eat que vous portez \u00e0 nos produits et services. La protection de vos donn\u00e9es est importante pour nous et nous voulons que vous soyez en mesure d&rsquo;utiliser notre site Web sans r\u00e9servation. <em>SWISSCHANGE<\/em> attache une grande importance au traitement responsable de vos donn\u00e9es personnelles conform\u00e9ment aux exigences l\u00e9gales. \u00c0 cette fin, nous prenons diverses mesures de pr\u00e9caution, y compris des mesures de s\u00e9curit\u00e9 techniques et organisationnelles fiables (p. ex. cryptage des mots de passe, pare-feu, technologies d&rsquo;authentification, gestion de l&rsquo;acc\u00e8s, sensibilisation et formation des employ\u00e9s, d\u00e9signation d&rsquo;un agent de protection des donn\u00e9es<em>(DPO).<\/em><\/p>\n<p>Sur cette page, vous apprendrez comment nous utilisons les cookies sur les sites <em>web swissCHANGE.<\/em> Pour plus d&rsquo;informations, veuillez consulter nos <a href=\"https:\/\/swisschange.ch\/fr\/termes\/\">Conditions d&rsquo;utilisation<\/a> et notre <a href=\"https:\/\/swisschange.ch\/fr\/termes\/\"><i>Politique de confidentialit\u00e9<\/i> <em> Politique de confidentialit\u00e9<\/em><\/a>.<\/p>\n<h3>2. Qu&rsquo;est-ce que les cookies?<\/h3>\n<p>Les cookies sont de petits enregistrements qui sont stock\u00e9s dans un fichier texte sur votre ordinateur ou votre appareil mobile lorsque vous visitez un site Web. Les d\u00e9veloppeurs Web peuvent utiliser ces donn\u00e9es pour cr\u00e9er des pages Web conviviales, s\u00e9curis\u00e9es et puissantes. Certains cookies restent sur votre appareil seulement jusqu&rsquo;\u00e0 ce que vous quiquiez le site Web. D&rsquo;autres stockent vos param\u00e8tres et pr\u00e9f\u00e9rences lorsque vous passez d&rsquo;un site Web \u00e0 un autre, ou ils vous permettent de recueillir des donn\u00e9es statistiques sur l&rsquo;utilisation d&rsquo;un site Web.<\/p>\n<h3>3. Quels types de cookies utilisons-nous?<\/h3>\n<p>Afin de rendre votre exp\u00e9rience sur nos sites Web aussi interactive, pertinente et s\u00e9curis\u00e9e que possible, nous utilisons des cookies et des technologies similaires telles que les pixels, les balises Web ou les empreintes digitales num\u00e9riques sur tous nos sites. Ces technologies peuvent \u00eatre divis\u00e9es en cat\u00e9gories suivantes :<\/p>\n<p><strong>3.1. Biscuits fonctionnels <\/strong><br \/>Ces cookies assurent les fonctions de base de nos sites Web. Ils vous facilitent l&rsquo;acc\u00e8s au contenu. Entre autres choses, nous utilisons ces cookies pour stocker vos param\u00e8tres de pays et de langue. Les cookies fonctionnels ne peuvent pas \u00eatre d\u00e9sactiv\u00e9s.<\/p>\n<p><strong>3.2. Cookies analytiques <\/strong><br \/>Ces cookies nous permettent d&rsquo;analyser et d&rsquo;am\u00e9liorer nos sites Web pour adapter notre service \u00e0 l&rsquo;exp\u00e9rience utilisateur.<\/p>\n<p><strong>3.3. Biscuits de commercialisation <\/strong><br \/>Nous utilisons ces cookies pour vous montrer une publicit\u00e9 personnalis\u00e9e adapt\u00e9e \u00e0 vos int\u00e9r\u00eats. Cela appara\u00eet sur les sites <em>WEB de SWISSCHANGE<\/em> ainsi que sur les sites tiers.<\/p>\n<p>Lorsque vous acc\u00e9dez \u00e0 un site <em>Web SWISSCHANGE,<\/em> vous avez la possibilit\u00e9 d&rsquo;autoriser l&rsquo;utilisation de cookies ou d&rsquo;ajuster vos param\u00e8tres de cookies en fonction de vos pr\u00e9f\u00e9rences. Vous acceptez l&rsquo;utilisation de cookies \u00e0 des fins ci-dessus.<\/p>\n<h3>4. Quel type d&rsquo;analyse utilisons-nous?<\/h3>\n<p>Sur nos sites Web, nous utilisons divers services d&rsquo;analyse Web tiers, y compris les tendances Web, un service d&rsquo;analyse fourni par Webtrends Inc., Google Analytics, un r\u00e9seau de services Google Inc. ou Siteimprove, un service d&rsquo;optimisation pour les sites Web Siteimprove A\/S.<\/p>\n<p>Les renseignements fournis \u00e0 ces tiers ne sont pas li\u00e9s \u00e0 vos renseignements personnels. En particulier, ces syst\u00e8mes couvrent les types suivants d&rsquo;informations anonymes :<\/p>\n<ul>\n<li>Nom de l&rsquo;h\u00f4te client ou adresse IP cach\u00e9e de l&rsquo;appareil d&rsquo;acc\u00e8s<\/li>\n<li>l&rsquo;URL (adresse d&rsquo;un site web) utilis\u00e9e pour rediriger les visiteurs vers ou depuis les sites <em>Web de SWISSCHANGE<\/em><\/li>\n<li>Heure de la visite<\/li>\n<li>Type et version du navigateur<\/li>\n<li>la marque ou le syst\u00e8me d&rsquo;exploitation de l&rsquo;appareil, et<\/li>\n<li>d&rsquo;autres informations sp\u00e9cifiques \u00e0 l&rsquo;appareil, telles que la taille de l&rsquo;\u00e9cran.<\/li>\n<\/ul>\n<h3>5. Comment pouvez-vous contr\u00f4ler l&rsquo;utilisation des cookies et r\u00e9voquer votre consentement?<\/h3>\n<p>Sur les sites <em>web swissCHANGE,<\/em> vous pouvez personnaliser vos param\u00e8tres de cookies \u00e0 tout moment et les adapter \u00e0 vos pr\u00e9f\u00e9rences. Votre consentement \u00e0 la collecte et au stockage de donn\u00e9es personnelles peut \u00eatre r\u00e9voqu\u00e9 avec effet pour l&rsquo;avenir. Utilisez le lien suivant pour modifier vos param\u00e8tres :<\/p>\n<p><strong>R\u00e9glage des param\u00e8tres de cookie<\/strong><\/p>\n<p>En outre, vous pouvez restreindre l&rsquo;utilisation des cookies par nos sites Web en mettant en place votre logiciel de navigateur en cons\u00e9quence. Selon le navigateur que vous utilisez, vous pouvez afficher un avertissement avant d&rsquo;accepter des cookies, ou vous pouvez d\u00e9finir le rejet des cookies comme par d\u00e9faut.<\/p>\n<p>Pour plus d&rsquo;informations, veuillez visiter \u00ab\u00a0Aide\u00a0\u00bb dans votre navigateur. Les cookies pr\u00e9existants ind\u00e9sirables sur votre ordinateur ou votre appareil mobile peuvent \u00eatre supprim\u00e9s \u00e0 l&rsquo;aide des fonctionnalit\u00e9s du navigateur respectif. Pour en savoir plus, veuillez consulter le navigateur Web que vous utilisez, puis cliquez sur le lien correspondant (\u00e0 partir du 25 mai 2018) :<\/p>\n<p><a href=\"https:\/\/support.google.com\/chrome\/answer\/95647?hl=en\"><strong>Google Chrome<\/strong><\/a><br \/><a href=\"https:\/\/support.mozilla.org\/en-US\/kb\/enable-and-disable-cookies-website-preferences\"><strong>Firefox<\/strong><\/a><br \/><a href=\"http:\/\/windows.microsoft.com\/en-GB\/windows-vista\/Block-or-allow-cookies\"><strong>Explorateur Internet<\/strong><\/a><br \/><a href=\"http:\/\/help.apple.com\/safari\/mac\/8.0\/#\/sfri11471\"><strong>Safari<\/strong><\/a><\/p>\n<h3>6. Contact<\/h3>\n<p>S&rsquo;il vous pla\u00eet laissez-nous savoir si nous ne r\u00e9pondons pas \u00e0 vos attentes de traitement des donn\u00e9es personnelles ou si vous souhaitez vous plaindre de nos pratiques de confidentialit\u00e9. Cela nous donne l&rsquo;occasion d&rsquo;examiner votre demande et, si n\u00e9cessaire, d&rsquo;apporter des am\u00e9liorations. Dans de tels cas, veuillez toujours envoyer une demande \u00e9crite claire \u00e0 l&rsquo;organisme suivant ou \u00e0 l&rsquo;un des agents de protection des donn\u00e9es suivants :<\/p>\n<p><strong><em>SWISSCHANGE<\/em><\/strong> <strong>Financial Services AG<\/strong><br \/>Aeschenplatz 6<br \/><span style=\"font-size: 1rem;\">CH-4152 B\u00e2le<br \/><\/span><span style=\"font-size: 1rem;\">Suisse<br \/><\/span><span style=\"font-size: 1rem;\">T\u00e9l. +41 61 264 00 50<br \/><\/span><a style=\"background-color: #ffffff; font-size: 1rem;\" href=\"mailto:info@swisschange.ch\">info@swisschange.ch<\/a> <span style=\"font-size: 1rem;\">&#8211;<\/span> <a style=\"background-color: #ffffff; font-size: 1rem;\" href=\"https:\/\/swisschange.ch\/fr\/\">www.swisschange.ch<\/a><\/p>\n<h3>7. Modifications apport\u00e9es \u00e0 la politique sur les <em>cookies<\/em><\/h3>\n<p>Nous nous r\u00e9servons le droit de modifier cette politique de cookies sans pr\u00e9avis. Par cons\u00e9quent, nous vous recommandons de consulter ce site r\u00e9guli\u00e8rement. Cette politique sur les <em>cookies<\/em> a \u00e9t\u00e9 modifi\u00e9e pour la derni\u00e8re fois le 25 mai 2018.<\/p>\n\t\t\t\t\t\t\t\t<\/div>\n\t\t\t\t<\/div>\n\t\t\t\t\t<\/div>\n\t\t<\/div>\n\t\t\t\t\t<\/div>\n\t\t<\/section>\n\t\t\t\t<\/div>\n\t\t","protected":false},"excerpt":{"rendered":"<p>Politique Cookie 1. Remarque pr\u00e9liminaire La soci\u00e9t\u00e9 SWISSCHANGE Financial Services SA (\u00ab\u00a0SWISSCHANGE \u00ab\u00a0, \u00ab\u00a0nous\u00a0\u00bb ou \u00ab\u00a0notre\u00ab\u00a0) vous remercient de votre visite sur ce site et de l&rsquo;int\u00e9r\u00eat que vous portez \u00e0 nos produits et services. La protection de vos donn\u00e9es est importante pour nous et nous voulons que vous soyez en mesure d&rsquo;utiliser notre site &hellip; <\/p>\n<p class=\"link-more\"><a href=\"https:\/\/swisschange.ch\/fr\/politique-cookie\/\" class=\"more-link\">Continuer la lecture<span class=\"screen-reader-text\"> de &laquo;&nbsp;Politique Cookie&nbsp;&raquo;<\/span><\/a><\/p>\n","protected":false},"author":1,"featured_media":0,"parent":0,"menu_order":0,"comment_status":"closed","ping_status":"closed","template":"elementor_header_footer","meta":{"inline_featured_image":false,"footnotes":""},"class_list":["post-2598","page","type-page","status-publish","hentry"],"aioseo_notices":[],"_links":{"self":[{"href":"https:\/\/swisschange.ch\/fr\/wp-json\/wp\/v2\/pages\/2598","targetHints":{"allow":["GET"]}}],"collection":[{"href":"https:\/\/swisschange.ch\/fr\/wp-json\/wp\/v2\/pages"}],"about":[{"href":"https:\/\/swisschange.ch\/fr\/wp-json\/wp\/v2\/types\/page"}],"author":[{"embeddable":true,"href":"https:\/\/swisschange.ch\/fr\/wp-json\/wp\/v2\/users\/1"}],"replies":[{"embeddable":true,"href":"https:\/\/swisschange.ch\/fr\/wp-json\/wp\/v2\/comments?post=2598"}],"version-history":[{"count":9,"href":"https:\/\/swisschange.ch\/fr\/wp-json\/wp\/v2\/pages\/2598\/revisions"}],"predecessor-version":[{"id":8918,"href":"https:\/\/swisschange.ch\/fr\/wp-json\/wp\/v2\/pages\/2598\/revisions\/8918"}],"wp:attachment":[{"href":"https:\/\/swisschange.ch\/fr\/wp-json\/wp\/v2\/media?parent=2598"}],"curies":[{"name":"wp","href":"https:\/\/api.w.org\/{rel}","templated":true}]}}