{"id":2594,"date":"2018-08-28T13:31:10","date_gmt":"2018-08-28T11:31:10","guid":{"rendered":"https:\/\/swisschange.ch\/empreinte\/"},"modified":"2023-07-10T12:03:54","modified_gmt":"2023-07-10T10:03:54","slug":"empreinte","status":"publish","type":"page","link":"https:\/\/swisschange.ch\/fr\/empreinte\/","title":{"rendered":"Empreinte"},"content":{"rendered":"\t\t<div data-elementor-type=\"wp-post\" data-elementor-id=\"2594\" class=\"elementor elementor-2594 elementor-1273\" data-elementor-post-type=\"page\">\n\t\t\t\t\t\t<section class=\"elementor-section elementor-top-section elementor-element elementor-element-320730c elementor-section-boxed elementor-section-height-default elementor-section-height-default\" data-id=\"320730c\" data-element_type=\"section\" data-e-type=\"section\">\n\t\t\t\t\t\t<div class=\"elementor-container elementor-column-gap-default\">\n\t\t\t\t\t<div class=\"elementor-column elementor-col-100 elementor-top-column elementor-element elementor-element-e42b05b\" data-id=\"e42b05b\" data-element_type=\"column\" data-e-type=\"column\">\n\t\t\t<div class=\"elementor-widget-wrap elementor-element-populated\">\n\t\t\t\t\t\t<div class=\"elementor-element elementor-element-2176bf1 elementor-widget elementor-widget-heading\" data-id=\"2176bf1\" data-element_type=\"widget\" data-e-type=\"widget\" data-widget_type=\"heading.default\">\n\t\t\t\t<div class=\"elementor-widget-container\">\n\t\t\t\t\t<h1 class=\"elementor-heading-title elementor-size-default\">Empreinte<\/h1>\t\t\t\t<\/div>\n\t\t\t\t<\/div>\n\t\t\t\t<div class=\"elementor-element elementor-element-ee9cb43 elementor-widget elementor-widget-text-editor\" data-id=\"ee9cb43\" data-element_type=\"widget\" data-e-type=\"widget\" data-widget_type=\"text-editor.default\">\n\t\t\t\t<div class=\"elementor-widget-container\">\n\t\t\t\t\t\t\t\t\t<p><i>SWISSCHANGE <\/i>Services financiers AG<br \/>\nAeschenplatz 6<br \/>\nCH-4052 B\u00e2le<\/p>\n<p>T\u00e9l\u00e9phone. +41 (61) 264 00 50<br \/>\nT\u00e9l\u00e9copieur no 41 (61) 264 00 59<br \/>\n<a href=\"mailto:info@swisschange.ch\">info@swisschange.ch<\/a><br \/>\nwww.swisschange.ch<\/p>\n\t\t\t\t\t\t\t\t<\/div>\n\t\t\t\t<\/div>\n\t\t\t\t\t<\/div>\n\t\t<\/div>\n\t\t\t\t\t<\/div>\n\t\t<\/section>\n\t\t\t\t<\/div>\n\t\t","protected":false},"excerpt":{"rendered":"<p>Empreinte SWISSCHANGE Services financiers AG Aeschenplatz 6 CH-4052 B\u00e2le T\u00e9l\u00e9phone. +41 (61) 264 00 50 T\u00e9l\u00e9copieur no 41 (61) 264 00 59 info@swisschange.ch www.swisschange.ch<\/p>\n","protected":false},"author":1,"featured_media":0,"parent":0,"menu_order":0,"comment_status":"closed","ping_status":"closed","template":"elementor_header_footer","meta":{"inline_featured_image":false,"footnotes":""},"class_list":["post-2594","page","type-page","status-publish","hentry"],"aioseo_notices":[],"_links":{"self":[{"href":"https:\/\/swisschange.ch\/fr\/wp-json\/wp\/v2\/pages\/2594","targetHints":{"allow":["GET"]}}],"collection":[{"href":"https:\/\/swisschange.ch\/fr\/wp-json\/wp\/v2\/pages"}],"about":[{"href":"https:\/\/swisschange.ch\/fr\/wp-json\/wp\/v2\/types\/page"}],"author":[{"embeddable":true,"href":"https:\/\/swisschange.ch\/fr\/wp-json\/wp\/v2\/users\/1"}],"replies":[{"embeddable":true,"href":"https:\/\/swisschange.ch\/fr\/wp-json\/wp\/v2\/comments?post=2594"}],"version-history":[{"count":9,"href":"https:\/\/swisschange.ch\/fr\/wp-json\/wp\/v2\/pages\/2594\/revisions"}],"predecessor-version":[{"id":8552,"href":"https:\/\/swisschange.ch\/fr\/wp-json\/wp\/v2\/pages\/2594\/revisions\/8552"}],"wp:attachment":[{"href":"https:\/\/swisschange.ch\/fr\/wp-json\/wp\/v2\/media?parent=2594"}],"curies":[{"name":"wp","href":"https:\/\/api.w.org\/{rel}","templated":true}]}}